{"id":1439,"date":"2024-12-22T00:43:25","date_gmt":"2024-12-21T22:43:25","guid":{"rendered":"https:\/\/nnhub.org\/?post_type=product&#038;p=1439"},"modified":"2026-01-17T12:45:56","modified_gmt":"2026-01-17T10:45:56","slug":"the-elements-of-negotiation-103-tactics-for-everyone-to-win-in-each","status":"publish","type":"product","link":"https:\/\/nnhub.org\/lt\/produktas\/the-elements-of-negotiation-103-tactics-for-everyone-to-win-in-each\/","title":{"rendered":"The Elements of Negotiation: 103 Tactics for Everyone to Win in Each"},"content":{"rendered":"<p>I\u0161samus deryb\u0173 \u012fvaldymo vadovas, gr\u012fstas 24 met\u0173 tyrimais. <em>Deryb\u0173 elementai<\/em> skaitytojams leid\u017eia lengvai sekti \u017eingsnis po \u017eingsnio metod\u0105, kaip tapti i\u0161skirtiniais derybininkais tiek profesiniame, tiek asmeniniame gyvenime. \u0160ie 103 \u017eingsniai, kurie remiasi 24 met\u0173 kruop\u0161\u010diomis studijomis, tiriant 35 000 individuali\u0173 derybinink\u0173 \u012fpro\u010dius ir technikas, pateikia i\u0161sam\u0173 veiksm\u0173 plan\u0105, siekiant \u012fvaldyti derybin\u012f meistri\u0161kum\u0105, apimant\u012f pasiruo\u0161im\u0105, vykdym\u0105 ir analiz\u0119 po deryb\u0173. Remiantis patikrintais moksliniais duomenimis, \u012frodan\u010diais patarim\u0173 veiksmingum\u0105, <em>knyga <\/em><strong><em>Deryb\u0173 elementai<\/em><\/strong> nagrin\u0117ja daugyb\u0119 reali\u0173 verslo atvej\u0173 studij\u0173 ir pavyzd\u017ei\u0173, aptaria deryb\u0173 ateities tendencijas ir prognozes. Taip pat, \u010dia rasite papildom\u0173 nuorod\u0173 ir mokymo program\u0173, pad\u0117sian\u010di\u0173 toliau tobulinti savo derybinius \u012fg\u016bd\u017eius. \u0160ioje knygoje su\u017einosite:<\/p>\n<ul>\n<li>Kaip pasiruo\u0161ti deryboms, kad pasiektum\u0117te geresni\u0173 finansini\u0173 rezultat\u0173<\/li>\n<li>K\u0105 sakyti (ir ko nesakyti) bet koki\u0173 deryb\u0173 metu, nesvarbu, ar jos ma\u017eos, ar didel\u0117s<\/li>\n<li>Kaip s\u0117kmingi derybininkai pasiekia teigiam\u0173 rezultat\u0173 abiem pus\u0117ms<\/li>\n<li>Kod\u0117l s\u0117kmingi derybininkai da\u017eniausiai b\u016bna s\u0117kmingi tiek asmeniniame, tiek profesiniame gyvenime)<\/li>\n<\/ul>\n","protected":false},"excerpt":{"rendered":"<p>I\u0161samus deryb\u0173 \u012fvaldymo vadovas, gr\u012fstas 24 met\u0173 tyrimais.<\/p>\n","protected":false},"featured_media":1440,"template":"","meta":{"_acf_changed":false},"product_brand":[],"product_cat":[17],"product_tag":[],"class_list":{"0":"post-1439","1":"product","2":"type-product","3":"status-publish","4":"has-post-thumbnail","6":"product_cat-knygos","8":"first","9":"instock","10":"taxable","11":"shipping-taxable","12":"purchasable","13":"product-type-simple"},"acf":[],"_links":{"self":[{"href":"https:\/\/nnhub.org\/lt\/wp-json\/wp\/v2\/product\/1439","targetHints":{"allow":["GET"]}}],"collection":[{"href":"https:\/\/nnhub.org\/lt\/wp-json\/wp\/v2\/product"}],"about":[{"href":"https:\/\/nnhub.org\/lt\/wp-json\/wp\/v2\/types\/product"}],"wp:featuredmedia":[{"embeddable":true,"href":"https:\/\/nnhub.org\/lt\/wp-json\/wp\/v2\/media\/1440"}],"wp:attachment":[{"href":"https:\/\/nnhub.org\/lt\/wp-json\/wp\/v2\/media?parent=1439"}],"wp:term":[{"taxonomy":"product_brand","embeddable":true,"href":"https:\/\/nnhub.org\/lt\/wp-json\/wp\/v2\/product_brand?post=1439"},{"taxonomy":"product_cat","embeddable":true,"href":"https:\/\/nnhub.org\/lt\/wp-json\/wp\/v2\/product_cat?post=1439"},{"taxonomy":"product_tag","embeddable":true,"href":"https:\/\/nnhub.org\/lt\/wp-json\/wp\/v2\/product_tag?post=1439"}],"curies":[{"name":"wp","href":"https:\/\/api.w.org\/{rel}","templated":true}]}}