{"id":1495,"date":"2024-12-22T02:04:00","date_gmt":"2024-12-22T00:04:00","guid":{"rendered":"https:\/\/nnhub.org\/?post_type=product&#038;p=1495"},"modified":"2025-11-15T15:10:16","modified_gmt":"2025-11-15T13:10:16","slug":"negotiation-essentials-the-tools-you-need-to-find-common-ground-and-walk-away-a-winner","status":"publish","type":"product","link":"https:\/\/nnhub.org\/lt\/produktas\/negotiation-essentials-the-tools-you-need-to-find-common-ground-and-walk-away-a-winner\/","title":{"rendered":"Negotiation Essentials: The Tools You Need to Find Common Ground and Walk Away a Winner"},"content":{"rendered":"<p>Veiksmui orientuotos ir lengvai suprantamos deryb\u0173 strategijos, kurias galite pritaikyti, kad reik\u0161mingai pagerintum\u0117te savo versl\u0105, karjer\u0105 ir asmenin\u012f gyvenim\u0105. Derybos da\u017enai gali atrodyti sud\u0117tingos ir bauginan\u010dios. Ar gali b\u016bti pasl\u0117pt\u0173 deryb\u0173 proceso aspekt\u0173, ne\u017einom\u0173 net patyrusiems derybininkams? O gal yra speciali\u0173 \u012franki\u0173, kurie gal\u0117t\u0173 i\u0161 esm\u0117s pakeisti j\u016bs\u0173 deryb\u0173 eig\u0105? Atsakymas yra \u201etaip\u201c, ir visi \u0161ie aspektai atskleid\u017eiami \u0161ioje praktin\u0117je, pasaulyje pripa\u017einto deryb\u0173 eksperto, knygoje.<\/p>\n<p><em>Deryb\u0173 pagrindai<\/em> demistifikuoja \u0161i\u0105 itin svarbi\u0105 tem\u0105, pad\u0117dama suskaidyti proces\u0105 \u012f lengvai suprantamas dalis. Knyga apima: svarbiausias deryb\u0173 s\u0105vokas, \u012fskaitant esminius skirtumus tarp i\u0161skirtini\u0173, ger\u0173 ir prast\u0173 derybinink\u0173; tinkamo laiko, vietos ir der\u0117jimosi metodo pasirinkim\u0105; sakymo \u201ene\u201c men\u0105; k\u016bno kalbos supratim\u0105; emocij\u0173, streso ir asmenin\u0117s chemijos \u012ftak\u0105 sprendim\u0173 pri\u0117mimui; s\u0117kmingiausi\u0173 derybinink\u0173 elgesio modelius.<\/p>\n<p>Knygoje yra pateikiamas ir \u201eDeryb\u0173 pagrind\u0173 \u012franki\u0173 rinkiniu\u201c, kuris apima profesionali\u0173 derybinink\u0173 kontrolinius s\u0105ra\u0161us prie\u0161 ir po deryb\u0173.<\/p>\n<p>Nesvarbu, ar kalbat\u0117s su vadovu apie galim\u0105 paauk\u0161tinim\u0105, ar diskutuojate su potencialiu svarbiu klientu, ar dalyvaujate \u012fmoni\u0173 susijungimo ir \u012fsigijimo procese, \u017einojimas, kaip planuoti ir vesti s\u0117kmingas derybas, gali nulemti skirtum\u0105 tarp s\u0117km\u0117s ir nes\u0117km\u0117s.<\/p>\n","protected":false},"excerpt":{"rendered":"<p>Veiksmui orientuotos ir lengvai suprantamos deryb\u0173 strategijos, kurias galite pritaikyti, kad reik\u0161mingai pagerintum\u0117te savo versl\u0105, karjer\u0105 ir asmenin\u012f gyvenim\u0105.<\/p>\n","protected":false},"featured_media":1496,"template":"","meta":{"_acf_changed":false},"product_brand":[],"product_cat":[17],"product_tag":[],"class_list":{"0":"post-1495","1":"product","2":"type-product","3":"status-publish","4":"has-post-thumbnail","6":"product_cat-knygos","8":"first","9":"instock","10":"taxable","11":"shipping-taxable","12":"purchasable","13":"product-type-simple"},"acf":[],"_links":{"self":[{"href":"https:\/\/nnhub.org\/lt\/wp-json\/wp\/v2\/product\/1495","targetHints":{"allow":["GET"]}}],"collection":[{"href":"https:\/\/nnhub.org\/lt\/wp-json\/wp\/v2\/product"}],"about":[{"href":"https:\/\/nnhub.org\/lt\/wp-json\/wp\/v2\/types\/product"}],"wp:featuredmedia":[{"embeddable":true,"href":"https:\/\/nnhub.org\/lt\/wp-json\/wp\/v2\/media\/1496"}],"wp:attachment":[{"href":"https:\/\/nnhub.org\/lt\/wp-json\/wp\/v2\/media?parent=1495"}],"wp:term":[{"taxonomy":"product_brand","embeddable":true,"href":"https:\/\/nnhub.org\/lt\/wp-json\/wp\/v2\/product_brand?post=1495"},{"taxonomy":"product_cat","embeddable":true,"href":"https:\/\/nnhub.org\/lt\/wp-json\/wp\/v2\/product_cat?post=1495"},{"taxonomy":"product_tag","embeddable":true,"href":"https:\/\/nnhub.org\/lt\/wp-json\/wp\/v2\/product_tag?post=1495"}],"curies":[{"name":"wp","href":"https:\/\/api.w.org\/{rel}","templated":true}]}}