{"id":1580,"date":"2025-01-14T15:26:24","date_gmt":"2025-01-14T13:26:24","guid":{"rendered":"https:\/\/nnhub.org\/?post_type=product&#038;p=1580"},"modified":"2025-01-18T10:14:39","modified_gmt":"2025-01-18T08:14:39","slug":"successful-negotiations-for-work-and-personal-life-part-2","status":"publish","type":"product","link":"https:\/\/nnhub.org\/lt\/produktas\/successful-negotiations-for-work-and-personal-life-part-2\/","title":{"rendered":"S\u0117kmingos derybos: darbui ir asmeniniam gyvenimui (2 DALIS))"},"content":{"rendered":"<p>\u0160ie video mokymai yra savaranki\u0161ko tempo deryb\u0173 teorijos kursas. Antroji dalis sudaryta i\u0161 4 atskir\u0173 video\u00a0 dali\u0173. Kiekvienoje dalyje i\u0161girsite nauj\u0105 informacij\u0105 apie Derybas ir j\u0173 proces\u0105. Mokym\u0173 \u012fra\u0161ai prieinami neribot\u0105 laik\u0105. \u017di\u016br\u0117kite, studijuokite ir kartokite taip da\u017enai, kaip tik jums reikalinga.<\/p>\n","protected":false},"excerpt":{"rendered":"<p>\u0160ie video mokymai yra savaranki\u0161ko tempo deryb\u0173 teorijos kursas. Antroji dalis sudaryta i\u0161 4 atskir\u0173 video\u00a0 dali\u0173. Kiekvienoje dalyje i\u0161girsite nauj\u0105 informacij\u0105 apie Derybas ir j\u0173 proces\u0105. Mokym\u0173 \u012fra\u0161ai prieinami neribot\u0105 laik\u0105. \u017di\u016br\u0117kite, studijuokite ir kartokite taip da\u017enai, kaip tik jums reikalinga.<\/p>\n","protected":false},"featured_media":0,"template":"","meta":{"_acf_changed":false},"product_brand":[],"product_cat":[18],"product_tag":[],"class_list":{"0":"post-1580","1":"product","2":"type-product","3":"status-publish","5":"product_cat-mokymai","7":"first","8":"instock","9":"taxable","10":"shipping-taxable","11":"purchasable","12":"product-type-simple"},"acf":[],"_links":{"self":[{"href":"https:\/\/nnhub.org\/lt\/wp-json\/wp\/v2\/product\/1580","targetHints":{"allow":["GET"]}}],"collection":[{"href":"https:\/\/nnhub.org\/lt\/wp-json\/wp\/v2\/product"}],"about":[{"href":"https:\/\/nnhub.org\/lt\/wp-json\/wp\/v2\/types\/product"}],"wp:attachment":[{"href":"https:\/\/nnhub.org\/lt\/wp-json\/wp\/v2\/media?parent=1580"}],"wp:term":[{"taxonomy":"product_brand","embeddable":true,"href":"https:\/\/nnhub.org\/lt\/wp-json\/wp\/v2\/product_brand?post=1580"},{"taxonomy":"product_cat","embeddable":true,"href":"https:\/\/nnhub.org\/lt\/wp-json\/wp\/v2\/product_cat?post=1580"},{"taxonomy":"product_tag","embeddable":true,"href":"https:\/\/nnhub.org\/lt\/wp-json\/wp\/v2\/product_tag?post=1580"}],"curies":[{"name":"wp","href":"https:\/\/api.w.org\/{rel}","templated":true}]}}