{"id":1999,"date":"2025-09-25T16:52:12","date_gmt":"2025-09-25T13:52:12","guid":{"rendered":"https:\/\/nnhub.org\/?post_type=product&#038;p=1999"},"modified":"2025-09-25T17:28:16","modified_gmt":"2025-09-25T14:28:16","slug":"the-smart-negotiator-unlocking-the-power-of-ai-and-human-insight-in-effective-deal-making","status":"publish","type":"product","link":"https:\/\/nnhub.org\/lt\/produktas\/the-smart-negotiator-unlocking-the-power-of-ai-and-human-insight-in-effective-deal-making\/","title":{"rendered":"The Smart Negotiator: Unlocking the Power of AI and Human Insight in Effective Deal-Making"},"content":{"rendered":"<p data-start=\"0\" data-end=\"761\">Knygoje <em data-start=\"8\" data-end=\"32\">I\u0161manusis derybininkas <\/em>tarptautiniu mastu pripa\u017eintas treneris, prane\u0161\u0117jas ir profesorius dr. Keld Jensen kvie\u010dia \u012f novatori\u0161k\u0105 kelion\u0119, kurioje pristatoma, k\u0105 rei\u0161kia b\u016bti i\u0161maniu derybininku pasaulyje, kur \u017emogaus \u012fg\u016bd\u017eiai susitinka su dirbtinio intelekto transformacin\u0117mis galimyb\u0117mis. \u012etraukian\u010diais komentarais, reali\u0173 atvej\u0173 analiz\u0117mis ir DI gr\u012fstais pavyzd\u017eiais \u0161i knyga atskleid\u017eia nauj\u0105 strategini\u0173 deryb\u0173 perspektyv\u0105, kur nesenstantys principai, tokie kaip pasitik\u0117jimas ir bendradarbiavimas, yra sustiprinami pa\u017eangiausiomis technologijomis. Pasitelkdami \u017emogaus intuicijos ir DI \u012f\u017evalg\u0173 sinergij\u0105, skaitytojai susipa\u017eins kaip galma i\u0161pl\u0117sti vert\u0117s k\u016brimo galimybes ir pasiekti rezultat\u0173 sau bei savo partneriams.<\/p>\n<p data-start=\"763\" data-end=\"1325\">Knyga pristato unikalias koncepcijas ir \u012frankius, tokius, kaip: SMARTnerships, Tru$tCurrency, NegoEconomics<strong data-start=\"1081\" data-end=\"1101\">\u2122 <\/strong>bei DI derybose.<\/p>\n<p>\u0160is leidinys\u00a0yra nauj\u0173 \u017eini\u0173 \u0161altinis kiekvienam verslo vadovui ar profesionaliam derybininkui, siekian\u010diam s\u0117kmingai orientuotis \u0161iandienos verslo pasaulyje, kur DI tampa s\u0117km\u0119 lemian\u010diu elementu.<\/p>\n","protected":false},"excerpt":{"rendered":"<p>Atnaujinkite savo po\u017ei\u016br\u012f \u012f derybas.<\/p>\n","protected":false},"featured_media":2000,"template":"","meta":{"_acf_changed":false},"product_brand":[],"product_cat":[17],"product_tag":[],"class_list":{"0":"post-1999","1":"product","2":"type-product","3":"status-publish","4":"has-post-thumbnail","6":"product_cat-knygos","8":"first","9":"instock","10":"taxable","11":"shipping-taxable","12":"purchasable","13":"product-type-simple"},"acf":[],"_links":{"self":[{"href":"https:\/\/nnhub.org\/lt\/wp-json\/wp\/v2\/product\/1999","targetHints":{"allow":["GET"]}}],"collection":[{"href":"https:\/\/nnhub.org\/lt\/wp-json\/wp\/v2\/product"}],"about":[{"href":"https:\/\/nnhub.org\/lt\/wp-json\/wp\/v2\/types\/product"}],"wp:featuredmedia":[{"embeddable":true,"href":"https:\/\/nnhub.org\/lt\/wp-json\/wp\/v2\/media\/2000"}],"wp:attachment":[{"href":"https:\/\/nnhub.org\/lt\/wp-json\/wp\/v2\/media?parent=1999"}],"wp:term":[{"taxonomy":"product_brand","embeddable":true,"href":"https:\/\/nnhub.org\/lt\/wp-json\/wp\/v2\/product_brand?post=1999"},{"taxonomy":"product_cat","embeddable":true,"href":"https:\/\/nnhub.org\/lt\/wp-json\/wp\/v2\/product_cat?post=1999"},{"taxonomy":"product_tag","embeddable":true,"href":"https:\/\/nnhub.org\/lt\/wp-json\/wp\/v2\/product_tag?post=1999"}],"curies":[{"name":"wp","href":"https:\/\/api.w.org\/{rel}","templated":true}]}}