{"id":2084,"date":"2026-01-15T15:48:11","date_gmt":"2026-01-15T13:48:11","guid":{"rendered":"https:\/\/nnhub.org\/?post_type=product&#038;p=2084"},"modified":"2026-01-15T19:47:35","modified_gmt":"2026-01-15T17:47:35","slug":"derybos-naujas-poziuris-i-susitarimus","status":"publish","type":"product","link":"https:\/\/nnhub.org\/lt\/produktas\/derybos-naujas-poziuris-i-susitarimus\/","title":{"rendered":"Derybos: Naujas po\u017ei\u016bris \u012f susitarimus"},"content":{"rendered":"<p>\u0160i knyga, skirta \u0161iuolaikiniam derybininkui. Greitai besikei\u010dian\u010diame pasaulyje deryb\u0173 \u017einios ir praktinis j\u0173 pritaikymas taip pat kei\u010diasi. Knygoje pateikta informacija skaitytojams leis pla\u010diau suvokti deryb\u0173 moksl\u0105 ir pasiekti geresni\u0173 susitarim\u0173. Autorius si\u016blo skaitytojams eksperimentuoti, i\u0161bandyti visas tris knygoje apra\u0161ytas deryb\u0173 strategijas, deryb\u0173 koncept\u0105 TrusTelligence\u2122, taip pat primena, kad geriausias laikas tapti geresniu derybininku yra dabar.<\/p>\n","protected":false},"excerpt":{"rendered":"<p>Tai atradimas tiems, kurie neapsiriboja vien teorija. Didelis \u0161ios knygos privalumas &#8211; jos praktinis turinys &#8211; konkret\u016bs pratimai, ai\u0161kiai i\u0161d\u0117stytos strategijos ir realios deryb\u0173 situacijos.<\/p>\n","protected":false},"featured_media":2088,"template":"","meta":{"_acf_changed":false},"product_brand":[],"product_cat":[17],"product_tag":[],"class_list":{"0":"post-2084","1":"product","2":"type-product","3":"status-publish","4":"has-post-thumbnail","6":"product_cat-knygos","8":"first","9":"instock","10":"taxable","11":"shipping-taxable","12":"purchasable","13":"product-type-simple"},"acf":[],"_links":{"self":[{"href":"https:\/\/nnhub.org\/lt\/wp-json\/wp\/v2\/product\/2084","targetHints":{"allow":["GET"]}}],"collection":[{"href":"https:\/\/nnhub.org\/lt\/wp-json\/wp\/v2\/product"}],"about":[{"href":"https:\/\/nnhub.org\/lt\/wp-json\/wp\/v2\/types\/product"}],"wp:featuredmedia":[{"embeddable":true,"href":"https:\/\/nnhub.org\/lt\/wp-json\/wp\/v2\/media\/2088"}],"wp:attachment":[{"href":"https:\/\/nnhub.org\/lt\/wp-json\/wp\/v2\/media?parent=2084"}],"wp:term":[{"taxonomy":"product_brand","embeddable":true,"href":"https:\/\/nnhub.org\/lt\/wp-json\/wp\/v2\/product_brand?post=2084"},{"taxonomy":"product_cat","embeddable":true,"href":"https:\/\/nnhub.org\/lt\/wp-json\/wp\/v2\/product_cat?post=2084"},{"taxonomy":"product_tag","embeddable":true,"href":"https:\/\/nnhub.org\/lt\/wp-json\/wp\/v2\/product_tag?post=2084"}],"curies":[{"name":"wp","href":"https:\/\/api.w.org\/{rel}","templated":true}]}}